{"id":7985,"date":"2021-11-13T10:07:08","date_gmt":"2021-11-13T10:07:08","guid":{"rendered":"https:\/\/staging.trustimia.com\/company-setup-in-finland\/"},"modified":"2025-05-09T13:30:29","modified_gmt":"2025-05-09T13:30:29","slug":"ettevotte-asutamine-soomes","status":"publish","type":"page","link":"https:\/\/staging.trustimia.com\/fi\/ettevotte-asutamine-soomes\/","title":{"rendered":"Ettev\u00f5tte registreerimine Soomes"},"content":{"rendered":"<div class=\"wpb-content-wrapper\"><p>[vc_row full_width=&#8221;stretch_row&#8221; kd_image_overlay_color=&#8221;rgba(10,10,10,0.3)&#8221; kd_fixed_background=&#8221;true&#8221; kd_image_overlay=&#8221;true&#8221; css=&#8221;.vc_custom_1637007265529{padding-top: 325px !important;padding-bottom: 30px !important;background-image: url(https:\/\/staging.trustimia.com\/wp-content\/uploads\/2021\/11\/Trustimia-1.jpg?id=8395) !important;background-position: center !important;background-repeat: no-repeat !important;background-size: cover !important;}&#8221;][vc_column css=&#8221;.vc_custom_1516115464846{padding-left: 0px !important;}&#8221;][vc_row_inner][vc_column_inner width=&#8221;2\/3&#8243;][vc_custom_heading text=&#8221;Ettev\u00f5tte registreerimine Soomes&#8221; font_container=&#8221;tag:h2|font_size:40px|text_align:left|color:%23ffffff&#8221; use_theme_fonts=&#8221;yes&#8221; css_animation=&#8221;fadeIn&#8221; css=&#8221;.vc_custom_1636836870334{margin-top: 10px !important;margin-bottom: 30px !important;}&#8221;][\/vc_column_inner][vc_column_inner width=&#8221;1\/3&#8243; css=&#8221;.vc_custom_1556031720200{padding-top: 40px !important;}&#8221; offset=&#8221;vc_hidden-sm vc_hidden-xs&#8221;][\/vc_column_inner][\/vc_row_inner][\/vc_column][\/vc_row][vc_row css=&#8221;.vc_custom_1636825724011{border-bottom-width: 1px !important;padding-right: 0px !important;padding-bottom: 40px !important;padding-left: 0px !important;background-color: #ffffff !important;border-bottom-color: #eaeaea !important;}&#8221;][vc_column css=&#8221;.vc_custom_1544542885714{margin-top: -60px !important;}&#8221;][vc_row_inner][vc_column_inner offset=&#8221;vc_hidden-lg vc_hidden-md&#8221;][vc_empty_space height=&#8221;10px&#8221;][\/vc_column_inner][\/vc_row_inner][\/vc_column][vc_column el_class=&#8221;services-first&#8221;][vc_row_inner][vc_column_inner]<header class=\"kd-section-title col-lg-12 text-center    \" ><h2 class=\"separator_off\" >Maailmatasemel tehnoloogiline oskusteave, kvalifitseeritud t\u00f6\u00f6j\u00f5ud ning suurep\u00e4rased teadus- ja arendustegevuse v\u00f5imalused on vaid m\u00f5ned p\u00f5hjused ettev\u00f5tte alustamiseks Soomes.<\/h2><\/header>[vc_column_text]Soome pakub ainulaadse stabiilsuse, j\u00e4rjepidevuse ja prognoositavusega \u00e4rikeskkonda. Arenenud ja toimiva Soome \u00fchiskonna alustaladeks on l\u00e4bipaistev demokraatia ja toimivad riigiasutused, s\u00f5ltumatu kohtus\u00fcsteem ja\u00f5igusriigi p\u00f5him\u00f5tte austamine.<\/p>\n<p><span style=\"font-weight: 400;\">Soome \u00e4rikeskkond on v\u00e4lismaalastele v\u00e4ga rahvusvaheline ja atraktiivne investeering,pakkudes kasvupotentsiaali ja \u00e4riv\u00f5imalusi mitmel eri viisil ja tt\u00f6\u00f6stusharu.<\/span>[\/vc_column_text][\/vc_column_inner][\/vc_row_inner][\/vc_column][\/vc_row][vc_row el_class=&#8221;detail-content&#8221;][vc_column][vc_row_inner][vc_column_inner][vc_column_text]<\/p>\n<h3>Ettev\u00f5tte asutamine Soomes<\/h3>\n<p><span style=\"font-weight: 400;\">Aitame Soomes \u00e4ri luua. Koostame Teie jaoks vajalikud dokumendid, registreerimised ja lepingud, m\u00f5tleme kindlustusele ja v\u00f5imalikele rahastamisvajadustele. Samuti kaardistame vajaliku finantshalduse ja muud teenused.<\/span><\/p>\n<p><span class=\"border-left\">Soome populaarseim \u00e4ri\u00fchinguvorm on piiratud vastutusega \u00e4ri\u00fching (Oy). Osa\u00fchingu puhul on hea, et isiklikku vastutust pole: ettev\u00f5tja ei vastuta isiklikult n\u00e4iteks osa\u00fchingu v\u00f5lgade eest, kui ta pole neid oma varaga taganud. Piiratud vastutusega \u00e4ri\u00fchingu v\u00f5ib asutada ka \u00fcks isik, kuigi sel juhul on alati n\u00f5utav direktorite n\u00f5ukogu asendusliige. Kui aga aktsion\u00e4re on mitu, vastutab iga\u00fcks ainult oma investeeringute summa eest.<\/span><\/p>\n<p><span style=\"font-weight: 400;\">Soome ettev\u00f5tet saab asutada meie Helsingi kontoris v\u00f5i meile v\u00e4ljastatud volikirja (PoA) alusel ka mujalt. Valmistame dokumendid ette tervikuna ja saadame k\u00f5ik taotlused Teie nimele \u2013 vajate vaid p\u00f5hiteavet dokumentide t\u00e4itmiseks ja saatmiseks. Kui \u00e4riregistris on k\u00f5ik muudatused t\u00f6\u00f6deldud, edastame Teile k\u00f5ik ettev\u00f5tte asutamisdokumendid. Tavaliselt v\u00f5tab \u00e4riregistri andmebaasi uuendamine juhatuse liikmete ja ettev\u00f5tte teabe jaoks aega 5\u201315 t\u00f6\u00f6p\u00e4eva.<\/span>[\/vc_column_text][\/vc_column_inner][\/vc_row_inner][vc_row_inner][vc_column_inner el_class=&#8221;services-half&#8221;][vc_column_text]<\/p>\n<h3>N\u00f5uded Soome piiratud vastutusega \u00e4ri\u00fchingu (Ltd) asutamiseks<\/h3>\n<ul class=\"font_8 color_15\">\n<li>\n<p class=\"font_8\"><span class=\"color_15\">Ettev\u00f5ttel peab olema v\u00e4hemalt \u00fcks omanik<\/span><\/p>\n<\/li>\n<li>\n<p class=\"font_8\"><span class=\"color_15\">Ettev\u00f5ttel peab olema v\u00e4hemalt \u00fcks direktor<\/span><\/p>\n<\/li>\n<li>\n<p class=\"font_8\"><span class=\"color_15\">(Ettev\u00f5ttes peab olema juhatuse liikme aset\u00e4itja)<\/span><\/p>\n<\/li>\n<li>\n<p class=\"font_8\"><span class=\"color_15\">Direktor ja omanik v\u00f5ivad olla \u00fcks ja sama isik ning isiku elukohariigile pole mingeid piiranguid<\/span><\/p>\n<\/li>\n<li>\n<p class=\"font_8\"><span class=\"color_15\">Ettev\u00f5ttel peab olema registreerimisaadress Soomes<\/span><\/p>\n<\/li>\n<li>\n<p class=\"font_8\"><span class=\"color_15\">Ettev\u00f5ttel puudub minimaalne aktsiakapital, soovitame osakapital (2500 eurot) tasuda esimese majandusaasta jooksul.<\/span><\/p>\n<\/li>\n<\/ul>\n<p>[\/vc_column_text][vc_column_text]<\/p>\n<h3>\u00dclesanded ettev\u00f5tte asutamisel Soomes<\/h3>\n<ul class=\"font_8 color_15\">\n<li>\n<p class=\"font_8\"><span class=\"color_15\">Ettev\u00f5tte nime valimine (Soome \u00e4riregister) v\u00f5i teave eelnevalt loodud ettev\u00f5tete kohta<\/span><\/p>\n<\/li>\n<li>\n<p class=\"font_8\"><span class=\"color_15\">Ettev\u00f5tte asutamisdokumentide koostamine<\/span><\/p>\n<\/li>\n<li><span style=\"font-weight: 400;\">Ettev\u00f5tte asutamine distantsilt ja sellega seotud teenused EL-i kodanikele<\/span><\/li>\n<li>\n<p class=\"font_8\"><span class=\"color_15\">Vajadusel volikirjade koostamine ja saatmine ettev\u00f5tte asutajatele<\/span><\/p>\n<\/li>\n<li>\n<p class=\"font_8\"><span class=\"color_15\">P\u00f5hikirja ja teiste vajalike omanike vaheliste lepingute koostamine<\/span><\/p>\n<\/li>\n<li>\n<p class=\"font_8\"><span class=\"color_15\">Ettev\u00f5tte asutamine<\/span><\/p>\n<\/li>\n<li>\n<p class=\"font_8\"><span class=\"color_15\">Ettev\u00f5ttele pangakonto avamine (v\u00f5imalik ka distantsilt). Pangakonto aktiveeritakse, kui ettev\u00f5te on registreeritud Soome \u00e4riregistris.<\/span><\/p>\n<\/li>\n<li>\n<p class=\"font_8\"><span class=\"color_15\">Ettev\u00f5tte asutamisdokumentide ja tasutud osakapitali t\u00f5endi esitamine Eesti Patendi- ja Registriametile<\/span><\/p>\n<\/li>\n<li>\n<p class=\"font_8\"><span class=\"color_15\">Ettev\u00f5tte asutamisdokumentide k\u00e4ttetoimetamine<\/span><\/p>\n<\/li>\n<\/ul>\n<p>[\/vc_column_text][vc_column_text]<span style=\"font-weight: 400;\">Meie kaudu saate ettev\u00f5tte luua kas distantsilt v\u00f5i meie kontoris. Pakume ka postiaadressi, raamatupidamise ja maksukonsultatsiooni teenuseid.<\/span><\/p>\n<h4><strong>Auditeerimisseadus vabastab v\u00e4ikseimad \u00fcksused auditeerimiskohustusest. Audiitorit ei tohi \u00fchenduses valida, kui \u00e4sja l\u00f5ppenud ja vahetult sellele eelnenud majandusaasta jooksul ei ole t\u00e4idetud rohkem kui \u00fcks j\u00e4rgmistest tingimustest:<\/strong><\/h4>\n<ul class=\"font_8 color_15\">\n<li>\n<p class=\"font_8\"><span class=\"color_15\">bilansimaht \u00fcletab 100 000 eurot<\/span><\/p>\n<\/li>\n<li>\n<p class=\"font_8\"><span class=\"color_15\">k\u00e4ive v\u00f5i samav\u00e4\u00e4rne tulu \u00fcletab 200 000 eurot<\/span><\/p>\n<\/li>\n<li>\n<p class=\"font_8\"><span class=\"color_15\"><span style=\"font-weight: 400;\">ettev\u00f5ttes <\/span>t\u00f6\u00f6tab keskmiselt \u00fcle kolme inimese<\/span><\/p>\n<\/li>\n<\/ul>\n<p>[\/vc_column_text][\/vc_column_inner][\/vc_row_inner][vc_row_inner][vc_column_inner width=&#8221;1\/2&#8243;][vc_column_text]<\/p>\n<h3>\u200b\u00c4riteenused<\/h3>\n<ul class=\"font_8 color_15\">\n<li>\n<p class=\"font_8\">Ettev\u00f5tte asutamine Soomes alates 770 \u20ac<\/p>\n<\/li>\n<li>\n<p class=\"font_8\">Registreerimisaadress + postiteenus 350\u20ac\/12 kuud<\/p>\n<\/li>\n<li>\n<p class=\"font_8\">Postiaadress 150\u20ac\/12 kuud<\/p>\n<\/li>\n<li>\n<p class=\"font_8\">Sekret\u00e4riteenused, telefoninumber ja automaatvastajad 70\u20ac\/ tund<\/p>\n<\/li>\n<li>\n<p class=\"font_8\">Ettev\u00f5tte registreerimine k\u00e4ibemaksukohustuslase registris 380 \u20ac<\/p>\n<\/li>\n<li>\n<p class=\"font_8\">Raamatupidamispakett alates 75 \u20ac\/kuus<\/p>\n<\/li>\n<li>\n<p class=\"font_8\">Finantshaldust\u00f6\u00f6 70\u20ac \/tund<\/p>\n<\/li>\n<li>\n<p class=\"font_8\">Abi pangakonto avamisel alates 100\u20ac<\/p>\n<\/li>\n<\/ul>\n<p>[\/vc_column_text][\/vc_column_inner][vc_column_inner width=&#8221;1\/2&#8243;][vc_column_text]<\/p>\n<h3>Muud \u00e4riteenused<\/h3>\n<ul class=\"font_8 color_15\">\n<li>\n<p class=\"font_8\"><span class=\"color_15\">Muudatused \u00e4riregistris<\/span><\/p>\n<\/li>\n<li>\n<p class=\"font_8\"><span class=\"color_15\">N\u00f5utavate dokumentide koostamine ja esitamine ning vajadusel notariaalne kinnitamine<\/span><\/p>\n<\/li>\n<li>\n<p class=\"font_8\"><span class=\"color_15\"><span style=\"font-weight: 400;\">Konsultatsioon<\/span> ja n\u00f5ustamine Soome ettev\u00f5tte asutamisel<\/span><\/p>\n<\/li>\n<li>\n<p class=\"font_8\"><span class=\"color_15\">Kokkulepped<\/span><\/p>\n<\/li>\n<li>\n<p class=\"font_8\"><span class=\"color_15\">Turundus ja \u00e4riplaanid<\/span><\/p>\n<\/li>\n<\/ul>\n<p>[\/vc_column_text][\/vc_column_inner][\/vc_row_inner][vc_row_inner][vc_column_inner][vc_column_text]<\/p>\n<h4>Meie kaudu saad Soomes vajaliku abi oma \u00e4ri alustamisel ja finantsteenustes. Soovitame konsulteerida meiega enne ettev\u00f5tte registreerimist. V\u00f5tke meiega \u00fchendust ja k\u00fcsige lisateavet meie teenuste kohta.<\/h4>\n<p>[\/vc_column_text][\/vc_column_inner][\/vc_row_inner][\/vc_column][\/vc_row][vc_row full_width=&#8221;stretch_row&#8221; css=&#8221;.vc_custom_1555681184211{background-color: #f5f5f5 !important;}&#8221;][vc_column][vc_row_inner css=&#8221;.vc_custom_1536243977243{padding-top: 100px !important;}&#8221;][vc_column_inner el_class=&#8221;button-top&#8221; offset=&#8221;vc_hidden-xs&#8221;]<header class=\"kd-section-title col-lg-12 text-center  kd-animated fadeIn  \" data-animation-delay=200><h2 class=\"separator_off\" >Kas olete valmis alustama? V\u00f5tke meiega \u00fchendust!<\/h2><h6 class=\"subtitle \" >Kui soovite meie teenuste kohta rohkem teada saada, v\u00f5tke meiega \u00fchendust.<\/h6><\/header>[\/vc_column_inner][\/vc_row_inner][vc_row_inner css=&#8221;.vc_custom_1536243815259{padding-bottom: 100px !important;}&#8221;][vc_column_inner css=&#8221;.vc_custom_1536243836394{padding-right: 10px !important;}&#8221;]<a  href=\"\/et\/kontakt\"  target=\"_blank\"  title=\"Kontakt\" class=\"tt_button tt_primary_button btn_primary_color  button-center button-action-link  kd-animated zoomIn\" data-animation-delay=200><span class=\"prim_text\">Alsusta kohe<\/span><\/a>[\/vc_column_inner][\/vc_row_inner][\/vc_column][\/vc_row]<\/p>\n<\/div>","protected":false},"excerpt":{"rendered":"<p>[vc_row full_width=&#8221;stretch_row&#8221; kd_image_overlay_color=&#8221;rgba(10,10,10,0.3)&#8221; kd_fixed_background=&#8221;true&#8221; kd_image_overlay=&#8221;true&#8221; css=&#8221;.vc_custom_1637007265529{padding-top: 325px !important;padding-bottom: 30px !important;background-image: url(https:\/\/staging.trustimia.com\/wp-content\/uploads\/2021\/11\/Trustimia-1.jpg?id=8395) !important;background-position: center !important;background-repeat: no-repeat !important;background-size: cover !important;}&#8221;][vc_column css=&#8221;.vc_custom_1516115464846{padding-left: 0px [&hellip;]<\/p>\n","protected":false},"author":5,"featured_media":0,"parent":0,"menu_order":0,"comment_status":"closed","ping_status":"closed","template":"","meta":{"content-type":"","inline_featured_image":false,"footnotes":""},"class_list":["post-7985","page","type-page","status-publish","hentry"],"yoast_head":"<!-- This site is optimized with the Yoast SEO Premium plugin v25.0 (Yoast SEO v25.0) - https:\/\/yoast.com\/wordpress\/plugins\/seo\/ -->\n<title>Ettev\u00f5tte registreerimine Soomes | Trustimia<\/title>\n<meta name=\"description\" content=\"Aitame Soomes \u00e4ri luua. Koostame Teie jaoks vajalikud dokumendid, registreerimised ja lepingud, m\u00f5tleme kindlustusele ja v\u00f5imalikele rahastamisvajadustele. Samuti kaardistame vajaliku finantshalduse ja muud teenused.\" \/>\n<meta name=\"robots\" content=\"index, follow, max-snippet:-1, max-image-preview:large, max-video-preview:-1\" \/>\n<link rel=\"canonical\" href=\"https:\/\/staging.trustimia.com\/ettevotte-asutamine-soomes\/\" \/>\n<meta property=\"og:locale\" content=\"fi_FI\" \/>\n<meta property=\"og:type\" content=\"article\" \/>\n<meta property=\"og:title\" content=\"Ettev\u00f5tte registreerimine Soomes\" \/>\n<meta property=\"og:description\" content=\"Aitame Soomes \u00e4ri luua. Koostame Teie jaoks vajalikud dokumendid, registreerimised ja lepingud, m\u00f5tleme kindlustusele ja v\u00f5imalikele rahastamisvajadustele. Samuti kaardistame vajaliku finantshalduse ja muud teenused.\" \/>\n<meta property=\"og:url\" content=\"https:\/\/staging.trustimia.com\/ettevotte-asutamine-soomes\/\" \/>\n<meta property=\"og:site_name\" content=\"Trustimia\" \/>\n<meta property=\"article:publisher\" content=\"https:\/\/www.facebook.com\/trustimia\" \/>\n<meta property=\"article:modified_time\" content=\"2025-05-09T13:30:29+00:00\" \/>\n<meta property=\"og:image\" content=\"https:\/\/staging.trustimia.com\/wp-content\/uploads\/2021\/11\/Trustimia-1.jpg\" \/>\n\t<meta property=\"og:image:width\" content=\"1800\" \/>\n\t<meta property=\"og:image:height\" content=\"1065\" \/>\n\t<meta property=\"og:image:type\" content=\"image\/jpeg\" \/>\n<meta name=\"twitter:card\" content=\"summary_large_image\" \/>\n<meta name=\"twitter:label1\" content=\"Arvioitu lukuaika\" \/>\n\t<meta name=\"twitter:data1\" content=\"3 minuuttia\" \/>\n<script type=\"application\/ld+json\" class=\"yoast-schema-graph\">{\"@context\":\"https:\/\/schema.org\",\"@graph\":[{\"@type\":\"WebPage\",\"@id\":\"https:\/\/staging.trustimia.com\/ettevotte-asutamine-soomes\/\",\"url\":\"https:\/\/staging.trustimia.com\/ettevotte-asutamine-soomes\/\",\"name\":\"Ettev\u00f5tte registreerimine Soomes | Trustimia\",\"isPartOf\":{\"@id\":\"https:\/\/staging.trustimia.com\/#website\"},\"datePublished\":\"2021-11-13T10:07:08+00:00\",\"dateModified\":\"2025-05-09T13:30:29+00:00\",\"description\":\"Aitame Soomes \u00e4ri luua. Koostame Teie jaoks vajalikud dokumendid, registreerimised ja lepingud, m\u00f5tleme kindlustusele ja v\u00f5imalikele rahastamisvajadustele. Samuti kaardistame vajaliku finantshalduse ja muud teenused.\",\"breadcrumb\":{\"@id\":\"https:\/\/staging.trustimia.com\/ettevotte-asutamine-soomes\/#breadcrumb\"},\"inLanguage\":\"fi\",\"potentialAction\":[{\"@type\":\"ReadAction\",\"target\":[\"https:\/\/staging.trustimia.com\/ettevotte-asutamine-soomes\/\"]}]},{\"@type\":\"BreadcrumbList\",\"@id\":\"https:\/\/staging.trustimia.com\/ettevotte-asutamine-soomes\/#breadcrumb\",\"itemListElement\":[{\"@type\":\"ListItem\",\"position\":1,\"name\":\"Home\",\"item\":\"https:\/\/staging.trustimia.com\/\"},{\"@type\":\"ListItem\",\"position\":2,\"name\":\"Ettev\u00f5tte registreerimine Soomes\"}]},{\"@type\":\"WebSite\",\"@id\":\"https:\/\/staging.trustimia.com\/#website\",\"url\":\"https:\/\/staging.trustimia.com\/\",\"name\":\"Trustimia\",\"description\":\"Yritys viroon - Yrityken perustaminen Viroon\",\"publisher\":{\"@id\":\"https:\/\/staging.trustimia.com\/#organization\"},\"potentialAction\":[{\"@type\":\"SearchAction\",\"target\":{\"@type\":\"EntryPoint\",\"urlTemplate\":\"https:\/\/staging.trustimia.com\/?s={search_term_string}\"},\"query-input\":{\"@type\":\"PropertyValueSpecification\",\"valueRequired\":true,\"valueName\":\"search_term_string\"}}],\"inLanguage\":\"fi\"},{\"@type\":\"Organization\",\"@id\":\"https:\/\/staging.trustimia.com\/#organization\",\"name\":\"Trustimia Group\",\"url\":\"https:\/\/staging.trustimia.com\/\",\"logo\":{\"@type\":\"ImageObject\",\"inLanguage\":\"fi\",\"@id\":\"https:\/\/staging.trustimia.com\/#\/schema\/logo\/image\/\",\"url\":\"https:\/\/staging.trustimia.com\/wp-content\/uploads\/2021\/11\/Trustimia-logo.svg\",\"contentUrl\":\"https:\/\/staging.trustimia.com\/wp-content\/uploads\/2021\/11\/Trustimia-logo.svg\",\"width\":400,\"height\":91,\"caption\":\"Trustimia Group\"},\"image\":{\"@id\":\"https:\/\/staging.trustimia.com\/#\/schema\/logo\/image\/\"},\"sameAs\":[\"https:\/\/www.facebook.com\/trustimia\",\"https:\/\/www.linkedin.com\/company\/trustimia\/\"]}]}<\/script>\n<!-- \/ Yoast SEO Premium plugin. -->","yoast_head_json":{"title":"Ettev\u00f5tte registreerimine Soomes | Trustimia","description":"Aitame Soomes \u00e4ri luua. Koostame Teie jaoks vajalikud dokumendid, registreerimised ja lepingud, m\u00f5tleme kindlustusele ja v\u00f5imalikele rahastamisvajadustele. Samuti kaardistame vajaliku finantshalduse ja muud teenused.","robots":{"index":"index","follow":"follow","max-snippet":"max-snippet:-1","max-image-preview":"max-image-preview:large","max-video-preview":"max-video-preview:-1"},"canonical":"https:\/\/staging.trustimia.com\/ettevotte-asutamine-soomes\/","og_locale":"fi_FI","og_type":"article","og_title":"Ettev\u00f5tte registreerimine Soomes","og_description":"Aitame Soomes \u00e4ri luua. Koostame Teie jaoks vajalikud dokumendid, registreerimised ja lepingud, m\u00f5tleme kindlustusele ja v\u00f5imalikele rahastamisvajadustele. Samuti kaardistame vajaliku finantshalduse ja muud teenused.","og_url":"https:\/\/staging.trustimia.com\/ettevotte-asutamine-soomes\/","og_site_name":"Trustimia","article_publisher":"https:\/\/www.facebook.com\/trustimia","article_modified_time":"2025-05-09T13:30:29+00:00","og_image":[{"width":1800,"height":1065,"url":"https:\/\/staging.trustimia.com\/wp-content\/uploads\/2021\/11\/Trustimia-1.jpg","type":"image\/jpeg"}],"twitter_card":"summary_large_image","twitter_misc":{"Arvioitu lukuaika":"3 minuuttia"},"schema":{"@context":"https:\/\/schema.org","@graph":[{"@type":"WebPage","@id":"https:\/\/staging.trustimia.com\/ettevotte-asutamine-soomes\/","url":"https:\/\/staging.trustimia.com\/ettevotte-asutamine-soomes\/","name":"Ettev\u00f5tte registreerimine Soomes | Trustimia","isPartOf":{"@id":"https:\/\/staging.trustimia.com\/#website"},"datePublished":"2021-11-13T10:07:08+00:00","dateModified":"2025-05-09T13:30:29+00:00","description":"Aitame Soomes \u00e4ri luua. Koostame Teie jaoks vajalikud dokumendid, registreerimised ja lepingud, m\u00f5tleme kindlustusele ja v\u00f5imalikele rahastamisvajadustele. Samuti kaardistame vajaliku finantshalduse ja muud teenused.","breadcrumb":{"@id":"https:\/\/staging.trustimia.com\/ettevotte-asutamine-soomes\/#breadcrumb"},"inLanguage":"fi","potentialAction":[{"@type":"ReadAction","target":["https:\/\/staging.trustimia.com\/ettevotte-asutamine-soomes\/"]}]},{"@type":"BreadcrumbList","@id":"https:\/\/staging.trustimia.com\/ettevotte-asutamine-soomes\/#breadcrumb","itemListElement":[{"@type":"ListItem","position":1,"name":"Home","item":"https:\/\/staging.trustimia.com\/"},{"@type":"ListItem","position":2,"name":"Ettev\u00f5tte registreerimine Soomes"}]},{"@type":"WebSite","@id":"https:\/\/staging.trustimia.com\/#website","url":"https:\/\/staging.trustimia.com\/","name":"Trustimia","description":"Yritys viroon - Yrityken perustaminen Viroon","publisher":{"@id":"https:\/\/staging.trustimia.com\/#organization"},"potentialAction":[{"@type":"SearchAction","target":{"@type":"EntryPoint","urlTemplate":"https:\/\/staging.trustimia.com\/?s={search_term_string}"},"query-input":{"@type":"PropertyValueSpecification","valueRequired":true,"valueName":"search_term_string"}}],"inLanguage":"fi"},{"@type":"Organization","@id":"https:\/\/staging.trustimia.com\/#organization","name":"Trustimia Group","url":"https:\/\/staging.trustimia.com\/","logo":{"@type":"ImageObject","inLanguage":"fi","@id":"https:\/\/staging.trustimia.com\/#\/schema\/logo\/image\/","url":"https:\/\/staging.trustimia.com\/wp-content\/uploads\/2021\/11\/Trustimia-logo.svg","contentUrl":"https:\/\/staging.trustimia.com\/wp-content\/uploads\/2021\/11\/Trustimia-logo.svg","width":400,"height":91,"caption":"Trustimia Group"},"image":{"@id":"https:\/\/staging.trustimia.com\/#\/schema\/logo\/image\/"},"sameAs":["https:\/\/www.facebook.com\/trustimia","https:\/\/www.linkedin.com\/company\/trustimia\/"]}]}},"_links":{"self":[{"href":"https:\/\/staging.trustimia.com\/fi\/wp-json\/wp\/v2\/pages\/7985","targetHints":{"allow":["GET"]}}],"collection":[{"href":"https:\/\/staging.trustimia.com\/fi\/wp-json\/wp\/v2\/pages"}],"about":[{"href":"https:\/\/staging.trustimia.com\/fi\/wp-json\/wp\/v2\/types\/page"}],"author":[{"embeddable":true,"href":"https:\/\/staging.trustimia.com\/fi\/wp-json\/wp\/v2\/users\/5"}],"replies":[{"embeddable":true,"href":"https:\/\/staging.trustimia.com\/fi\/wp-json\/wp\/v2\/comments?post=7985"}],"version-history":[{"count":10,"href":"https:\/\/staging.trustimia.com\/fi\/wp-json\/wp\/v2\/pages\/7985\/revisions"}],"predecessor-version":[{"id":9358,"href":"https:\/\/staging.trustimia.com\/fi\/wp-json\/wp\/v2\/pages\/7985\/revisions\/9358"}],"wp:attachment":[{"href":"https:\/\/staging.trustimia.com\/fi\/wp-json\/wp\/v2\/media?parent=7985"}],"curies":[{"name":"wp","href":"https:\/\/api.w.org\/{rel}","templated":true}]}}