{"id":7980,"date":"2021-11-13T08:46:51","date_gmt":"2021-11-13T08:46:51","guid":{"rendered":"https:\/\/staging.trustimia.com\/bank-account-and-payment-solutions\/"},"modified":"2022-10-04T18:15:54","modified_gmt":"2022-10-04T18:15:54","slug":"pankkitilit-ja-maksuliikennepalvelut","status":"publish","type":"page","link":"https:\/\/staging.trustimia.com\/fi\/pankkitilit-ja-maksuliikennepalvelut\/","title":{"rendered":"Pankkitilit ja maksuliikennepalvelut"},"content":{"rendered":"<div class=\"wpb-content-wrapper\"><p>[vc_row full_width=&#8221;stretch_row&#8221; kd_image_overlay_color=&#8221;rgba(10,10,10,0.3)&#8221; kd_fixed_background=&#8221;true&#8221; kd_image_overlay=&#8221;true&#8221; css=&#8221;.vc_custom_1637009088849{padding-top: 325px !important;padding-bottom: 30px !important;background-image: url(https:\/\/staging.trustimia.com\/wp-content\/uploads\/2021\/11\/Trustimia-1.jpg?id=8393) !important;background-position: center !important;background-repeat: no-repeat !important;background-size: cover !important;}&#8221;][vc_column css=&#8221;.vc_custom_1516115464846{padding-left: 0px !important;}&#8221;][vc_row_inner][vc_column_inner width=&#8221;2\/3&#8243;][vc_custom_heading text=&#8221;Pankkitilit ja maksuliikennepalvelut&#8221; font_container=&#8221;tag:h2|font_size:40px|text_align:left|color:%23ffffff&#8221; use_theme_fonts=&#8221;yes&#8221; css_animation=&#8221;fadeIn&#8221; css=&#8221;.vc_custom_1636841590059{margin-top: 10px !important;margin-bottom: 30px !important;}&#8221;][\/vc_column_inner][vc_column_inner width=&#8221;1\/3&#8243; css=&#8221;.vc_custom_1556031720200{padding-top: 40px !important;}&#8221; offset=&#8221;vc_hidden-sm vc_hidden-xs&#8221;][\/vc_column_inner][\/vc_row_inner][\/vc_column][\/vc_row][vc_row css=&#8221;.vc_custom_1636824681742{border-bottom-width: 1px !important;padding-right: 0px !important;padding-bottom: 40px !important;padding-left: 0px !important;background-color: #ffffff !important;border-bottom-color: #eaeaea !important;}&#8221;][vc_column css=&#8221;.vc_custom_1544542885714{margin-top: -60px !important;}&#8221;][vc_row_inner][vc_column_inner offset=&#8221;vc_hidden-lg vc_hidden-md&#8221;][vc_empty_space height=&#8221;10px&#8221;][\/vc_column_inner][\/vc_row_inner][\/vc_column][vc_column el_class=&#8221;services-first&#8221;]<header class=\"kd-section-title col-lg-12 text-center    \" ><h2 class=\"separator_off\" >Avustamme asiakkaitamme pankkitilien avaamisessa, sek\u00e4 pankkitilin avaamiseen vaadittavien Due Diligence- ja henkil\u00f6llisyyden tarkastamisprosessien kanssa.<\/h2><\/header>[vc_row_inner][vc_column_inner][vc_column_text]Tied\u00e4mme, ett\u00e4 t\u00e4n\u00e4 p\u00e4iv\u00e4n\u00e4 on eritt\u00e4in haasteellista saada avattua pankkitili\u00e4, etenkin ulkomaalaisena. Olemme tehneet parhaamme rakentaaksemme suhteita kansainv\u00e4lisiin pankkeihin. N\u00e4in asiakkaillemme on enemm\u00e4n vaihtoehtoja, varsinkin jos yrityksen laajentaminen on tulevaisuuden suunnitelmana.<\/p>\n<p>Pankit veloittavat 200-500 \u20ac tilinavaamisesta, jos asiakas on ulkomaalainen. Kun antaa pankille riitt\u00e4v\u00e4t ja vakuuttavat l\u00e4ht\u00f6tiedot, tilinavaaminen yleens\u00e4 onnistuu ongelmitta.<\/p>\n<p>Suosittelemme varaamaan lyhyen konsultaation ennen pankkitilin avaamiseen ryhtymist\u00e4.[\/vc_column_text][\/vc_column_inner][\/vc_row_inner][\/vc_column][\/vc_row][vc_row el_class=&#8221;detail-content&#8221;][vc_column][vc_row_inner el_class=&#8221;main-list&#8221;][vc_column_inner el_class=&#8221;services-half&#8221;][vc_column_text]<\/p>\n<h3>Avustamme pankkitilien avaamisessa ja pankkiasioinnissa mm. seuraavissa pankeissa:<\/h3>\n<ul class=\"color_15 font_8\">\n<li>\n<p class=\"font_8\"><span class=\"color_15\">LHV<\/span><\/p>\n<\/li>\n<li>\n<p class=\"font_8\"><span class=\"color_15\">REVOLUT<\/span><\/p>\n<\/li>\n<li>\n<p class=\"font_8\"><span class=\"color_15\">SWEDBANK<\/span><\/p>\n<\/li>\n<li>\n<p class=\"font_8\"><span class=\"color_15\">CRYPTO.COM<\/span><\/p>\n<\/li>\n<li>\n<p class=\"font_8\"><span class=\"color_15\">WISE<\/span><\/p>\n<\/li>\n<\/ul>\n<p class=\"font_8\"><span class=\"color_15\"><span class=\"wixGuard\">\u200b<\/span><\/span><\/p>\n<p>[\/vc_column_text][\/vc_column_inner][\/vc_row_inner][\/vc_column][\/vc_row][vc_row full_width=&#8221;stretch_row&#8221; css=&#8221;.vc_custom_1555681184211{background-color: #f5f5f5 !important;}&#8221;][vc_column][vc_row_inner css=&#8221;.vc_custom_1536243977243{padding-top: 100px !important;}&#8221;][vc_column_inner el_class=&#8221;button-top&#8221; offset=&#8221;vc_hidden-xs&#8221;]<header class=\"kd-section-title col-lg-12 text-center  kd-animated fadeIn  \" data-animation-delay=200><h2 class=\"separator_off\" >Oletko valmis aloittamaan? Ota meihin yhteytt\u00e4!<\/h2><h6 class=\"subtitle \" >Mik\u00e4li haluat kuulla lis\u00e4\u00e4 palveluistamme, niin olethan yhteydess\u00e4 meihin.<\/h6><\/header>[\/vc_column_inner][\/vc_row_inner][vc_row_inner css=&#8221;.vc_custom_1536243815259{padding-bottom: 100px !important;}&#8221;][vc_column_inner css=&#8221;.vc_custom_1536243836394{padding-right: 10px !important;}&#8221;]<a  href=\"https:\/\/www.trustimia.com\/fi\/ota-yhteytta\/\"  target=\"_self\"  title=\"Ota yhteytt\u00e4\" class=\"tt_button tt_primary_button btn_primary_color  button-center button-action-link  kd-animated zoomIn\" data-animation-delay=200><span class=\"prim_text\">Ota yhteytt\u00e4<\/span><\/a>[\/vc_column_inner][\/vc_row_inner][\/vc_column][\/vc_row]<\/p>\n<\/div>","protected":false},"excerpt":{"rendered":"<p>[vc_row full_width=&#8221;stretch_row&#8221; kd_image_overlay_color=&#8221;rgba(10,10,10,0.3)&#8221; kd_fixed_background=&#8221;true&#8221; kd_image_overlay=&#8221;true&#8221; css=&#8221;.vc_custom_1637009088849{padding-top: 325px !important;padding-bottom: 30px !important;background-image: url(https:\/\/staging.trustimia.com\/wp-content\/uploads\/2021\/11\/Trustimia-1.jpg?id=8393) !important;background-position: center !important;background-repeat: no-repeat !important;background-size: cover !important;}&#8221;][vc_column css=&#8221;.vc_custom_1516115464846{padding-left: 0px [&hellip;]<\/p>\n","protected":false},"author":5,"featured_media":0,"parent":0,"menu_order":0,"comment_status":"closed","ping_status":"closed","template":"","meta":{"content-type":"","inline_featured_image":false,"footnotes":""},"class_list":["post-7980","page","type-page","status-publish","hentry"],"yoast_head":"<!-- This site is optimized with the Yoast SEO Premium plugin v25.0 (Yoast SEO v25.0) - https:\/\/yoast.com\/wordpress\/plugins\/seo\/ -->\n<title>Pankkitilin avaaminen Virossa | Trustimia<\/title>\n<meta name=\"description\" content=\"Avustamme asiakkaitamme pankkitilien avaamisessa ja vaadittavissa dokumenteissa, sek\u00e4 henkil\u00f6llisyyden tarkastamisprosessien kanssa.\" \/>\n<meta name=\"robots\" content=\"index, follow, max-snippet:-1, max-image-preview:large, max-video-preview:-1\" \/>\n<link rel=\"canonical\" href=\"https:\/\/staging.trustimia.com\/bank-account-and-payment-solutions\/\" \/>\n<meta property=\"og:locale\" content=\"fi_FI\" \/>\n<meta property=\"og:type\" content=\"article\" \/>\n<meta property=\"og:title\" content=\"Pankkitilit ja maksuliikennepalvelut\" \/>\n<meta property=\"og:description\" content=\"Avustamme asiakkaitamme pankkitilien avaamisessa ja vaadittavissa dokumenteissa, sek\u00e4 henkil\u00f6llisyyden tarkastamisprosessien kanssa.\" \/>\n<meta property=\"og:url\" content=\"https:\/\/staging.trustimia.com\/bank-account-and-payment-solutions\/\" \/>\n<meta property=\"og:site_name\" content=\"Trustimia\" \/>\n<meta property=\"article:publisher\" content=\"https:\/\/www.facebook.com\/trustimia\" \/>\n<meta property=\"article:modified_time\" content=\"2022-10-04T18:15:54+00:00\" \/>\n<meta property=\"og:image\" content=\"https:\/\/staging.trustimia.com\/wp-content\/uploads\/2021\/11\/Trustimia-1.jpg\" \/>\n\t<meta property=\"og:image:width\" content=\"1800\" \/>\n\t<meta property=\"og:image:height\" content=\"1065\" \/>\n\t<meta property=\"og:image:type\" content=\"image\/jpeg\" \/>\n<meta name=\"twitter:card\" content=\"summary_large_image\" \/>\n<meta name=\"twitter:label1\" content=\"Arvioitu lukuaika\" \/>\n\t<meta name=\"twitter:data1\" content=\"1 minuutti\" \/>\n<script type=\"application\/ld+json\" class=\"yoast-schema-graph\">{\"@context\":\"https:\/\/schema.org\",\"@graph\":[{\"@type\":\"WebPage\",\"@id\":\"https:\/\/staging.trustimia.com\/bank-account-and-payment-solutions\/\",\"url\":\"https:\/\/staging.trustimia.com\/bank-account-and-payment-solutions\/\",\"name\":\"Pankkitilin avaaminen Virossa | Trustimia\",\"isPartOf\":{\"@id\":\"https:\/\/staging.trustimia.com\/#website\"},\"datePublished\":\"2021-11-13T08:46:51+00:00\",\"dateModified\":\"2022-10-04T18:15:54+00:00\",\"description\":\"Avustamme asiakkaitamme pankkitilien avaamisessa ja vaadittavissa dokumenteissa, sek\u00e4 henkil\u00f6llisyyden tarkastamisprosessien kanssa.\",\"breadcrumb\":{\"@id\":\"https:\/\/staging.trustimia.com\/bank-account-and-payment-solutions\/#breadcrumb\"},\"inLanguage\":\"fi\",\"potentialAction\":[{\"@type\":\"ReadAction\",\"target\":[\"https:\/\/staging.trustimia.com\/bank-account-and-payment-solutions\/\"]}]},{\"@type\":\"BreadcrumbList\",\"@id\":\"https:\/\/staging.trustimia.com\/bank-account-and-payment-solutions\/#breadcrumb\",\"itemListElement\":[{\"@type\":\"ListItem\",\"position\":1,\"name\":\"Home\",\"item\":\"https:\/\/staging.trustimia.com\/\"},{\"@type\":\"ListItem\",\"position\":2,\"name\":\"Pankkitilit ja maksuliikennepalvelut\"}]},{\"@type\":\"WebSite\",\"@id\":\"https:\/\/staging.trustimia.com\/#website\",\"url\":\"https:\/\/staging.trustimia.com\/\",\"name\":\"Trustimia\",\"description\":\"Yritys viroon - Yrityken perustaminen Viroon\",\"publisher\":{\"@id\":\"https:\/\/staging.trustimia.com\/#organization\"},\"potentialAction\":[{\"@type\":\"SearchAction\",\"target\":{\"@type\":\"EntryPoint\",\"urlTemplate\":\"https:\/\/staging.trustimia.com\/?s={search_term_string}\"},\"query-input\":{\"@type\":\"PropertyValueSpecification\",\"valueRequired\":true,\"valueName\":\"search_term_string\"}}],\"inLanguage\":\"fi\"},{\"@type\":\"Organization\",\"@id\":\"https:\/\/staging.trustimia.com\/#organization\",\"name\":\"Trustimia Group\",\"url\":\"https:\/\/staging.trustimia.com\/\",\"logo\":{\"@type\":\"ImageObject\",\"inLanguage\":\"fi\",\"@id\":\"https:\/\/staging.trustimia.com\/#\/schema\/logo\/image\/\",\"url\":\"https:\/\/staging.trustimia.com\/wp-content\/uploads\/2021\/11\/Trustimia-logo.svg\",\"contentUrl\":\"https:\/\/staging.trustimia.com\/wp-content\/uploads\/2021\/11\/Trustimia-logo.svg\",\"width\":400,\"height\":91,\"caption\":\"Trustimia Group\"},\"image\":{\"@id\":\"https:\/\/staging.trustimia.com\/#\/schema\/logo\/image\/\"},\"sameAs\":[\"https:\/\/www.facebook.com\/trustimia\",\"https:\/\/www.linkedin.com\/company\/trustimia\/\"]}]}<\/script>\n<!-- \/ Yoast SEO Premium plugin. -->","yoast_head_json":{"title":"Pankkitilin avaaminen Virossa | Trustimia","description":"Avustamme asiakkaitamme pankkitilien avaamisessa ja vaadittavissa dokumenteissa, sek\u00e4 henkil\u00f6llisyyden tarkastamisprosessien kanssa.","robots":{"index":"index","follow":"follow","max-snippet":"max-snippet:-1","max-image-preview":"max-image-preview:large","max-video-preview":"max-video-preview:-1"},"canonical":"https:\/\/staging.trustimia.com\/bank-account-and-payment-solutions\/","og_locale":"fi_FI","og_type":"article","og_title":"Pankkitilit ja maksuliikennepalvelut","og_description":"Avustamme asiakkaitamme pankkitilien avaamisessa ja vaadittavissa dokumenteissa, sek\u00e4 henkil\u00f6llisyyden tarkastamisprosessien kanssa.","og_url":"https:\/\/staging.trustimia.com\/bank-account-and-payment-solutions\/","og_site_name":"Trustimia","article_publisher":"https:\/\/www.facebook.com\/trustimia","article_modified_time":"2022-10-04T18:15:54+00:00","og_image":[{"width":1800,"height":1065,"url":"https:\/\/staging.trustimia.com\/wp-content\/uploads\/2021\/11\/Trustimia-1.jpg","type":"image\/jpeg"}],"twitter_card":"summary_large_image","twitter_misc":{"Arvioitu lukuaika":"1 minuutti"},"schema":{"@context":"https:\/\/schema.org","@graph":[{"@type":"WebPage","@id":"https:\/\/staging.trustimia.com\/bank-account-and-payment-solutions\/","url":"https:\/\/staging.trustimia.com\/bank-account-and-payment-solutions\/","name":"Pankkitilin avaaminen Virossa | Trustimia","isPartOf":{"@id":"https:\/\/staging.trustimia.com\/#website"},"datePublished":"2021-11-13T08:46:51+00:00","dateModified":"2022-10-04T18:15:54+00:00","description":"Avustamme asiakkaitamme pankkitilien avaamisessa ja vaadittavissa dokumenteissa, sek\u00e4 henkil\u00f6llisyyden tarkastamisprosessien kanssa.","breadcrumb":{"@id":"https:\/\/staging.trustimia.com\/bank-account-and-payment-solutions\/#breadcrumb"},"inLanguage":"fi","potentialAction":[{"@type":"ReadAction","target":["https:\/\/staging.trustimia.com\/bank-account-and-payment-solutions\/"]}]},{"@type":"BreadcrumbList","@id":"https:\/\/staging.trustimia.com\/bank-account-and-payment-solutions\/#breadcrumb","itemListElement":[{"@type":"ListItem","position":1,"name":"Home","item":"https:\/\/staging.trustimia.com\/"},{"@type":"ListItem","position":2,"name":"Pankkitilit ja maksuliikennepalvelut"}]},{"@type":"WebSite","@id":"https:\/\/staging.trustimia.com\/#website","url":"https:\/\/staging.trustimia.com\/","name":"Trustimia","description":"Yritys viroon - Yrityken perustaminen Viroon","publisher":{"@id":"https:\/\/staging.trustimia.com\/#organization"},"potentialAction":[{"@type":"SearchAction","target":{"@type":"EntryPoint","urlTemplate":"https:\/\/staging.trustimia.com\/?s={search_term_string}"},"query-input":{"@type":"PropertyValueSpecification","valueRequired":true,"valueName":"search_term_string"}}],"inLanguage":"fi"},{"@type":"Organization","@id":"https:\/\/staging.trustimia.com\/#organization","name":"Trustimia Group","url":"https:\/\/staging.trustimia.com\/","logo":{"@type":"ImageObject","inLanguage":"fi","@id":"https:\/\/staging.trustimia.com\/#\/schema\/logo\/image\/","url":"https:\/\/staging.trustimia.com\/wp-content\/uploads\/2021\/11\/Trustimia-logo.svg","contentUrl":"https:\/\/staging.trustimia.com\/wp-content\/uploads\/2021\/11\/Trustimia-logo.svg","width":400,"height":91,"caption":"Trustimia Group"},"image":{"@id":"https:\/\/staging.trustimia.com\/#\/schema\/logo\/image\/"},"sameAs":["https:\/\/www.facebook.com\/trustimia","https:\/\/www.linkedin.com\/company\/trustimia\/"]}]}},"_links":{"self":[{"href":"https:\/\/staging.trustimia.com\/fi\/wp-json\/wp\/v2\/pages\/7980","targetHints":{"allow":["GET"]}}],"collection":[{"href":"https:\/\/staging.trustimia.com\/fi\/wp-json\/wp\/v2\/pages"}],"about":[{"href":"https:\/\/staging.trustimia.com\/fi\/wp-json\/wp\/v2\/types\/page"}],"author":[{"embeddable":true,"href":"https:\/\/staging.trustimia.com\/fi\/wp-json\/wp\/v2\/users\/5"}],"replies":[{"embeddable":true,"href":"https:\/\/staging.trustimia.com\/fi\/wp-json\/wp\/v2\/comments?post=7980"}],"version-history":[{"count":10,"href":"https:\/\/staging.trustimia.com\/fi\/wp-json\/wp\/v2\/pages\/7980\/revisions"}],"predecessor-version":[{"id":8662,"href":"https:\/\/staging.trustimia.com\/fi\/wp-json\/wp\/v2\/pages\/7980\/revisions\/8662"}],"wp:attachment":[{"href":"https:\/\/staging.trustimia.com\/fi\/wp-json\/wp\/v2\/media?parent=7980"}],"curies":[{"name":"wp","href":"https:\/\/api.w.org\/{rel}","templated":true}]}}