{"id":7979,"date":"2021-11-13T08:46:51","date_gmt":"2021-11-13T08:46:51","guid":{"rendered":"https:\/\/staging.trustimia.com\/bank-account-and-payment-solutions\/"},"modified":"2021-12-03T05:18:43","modified_gmt":"2021-12-03T05:18:43","slug":"pangakontod-ja-makseteenused","status":"publish","type":"page","link":"https:\/\/staging.trustimia.com\/fi\/pangakontod-ja-makseteenused\/","title":{"rendered":"Pangakontod ja makseteenused"},"content":{"rendered":"<div class=\"wpb-content-wrapper\"><p>[vc_row full_width=&#8221;stretch_row&#8221; kd_image_overlay_color=&#8221;rgba(10,10,10,0.29)&#8221; kd_fixed_background=&#8221;true&#8221; kd_image_overlay=&#8221;true&#8221; css=&#8221;.vc_custom_1637008169916{padding-top: 325px !important;padding-bottom: 30px !important;background-image: url(https:\/\/staging.trustimia.com\/wp-content\/uploads\/2021\/11\/Trustimia-1.jpg?id=8394) !important;background-position: center !important;background-repeat: no-repeat !important;background-size: cover !important;}&#8221;][vc_column css=&#8221;.vc_custom_1516115464846{padding-left: 0px !important;}&#8221;][vc_row_inner][vc_column_inner width=&#8221;2\/3&#8243;][vc_custom_heading text=&#8221;Pangakontod ja makseteenused&#8221; font_container=&#8221;tag:h2|font_size:40px|text_align:left|color:%23ffffff&#8221; use_theme_fonts=&#8221;yes&#8221; css_animation=&#8221;fadeIn&#8221; css=&#8221;.vc_custom_1637927057019{margin-top: 10px !important;margin-bottom: 30px !important;}&#8221;][\/vc_column_inner][vc_column_inner width=&#8221;1\/3&#8243; css=&#8221;.vc_custom_1556031720200{padding-top: 40px !important;}&#8221; offset=&#8221;vc_hidden-sm vc_hidden-xs&#8221;][\/vc_column_inner][\/vc_row_inner][\/vc_column][\/vc_row][vc_row css=&#8221;.vc_custom_1636824681742{border-bottom-width: 1px !important;padding-right: 0px !important;padding-bottom: 40px !important;padding-left: 0px !important;background-color: #ffffff !important;border-bottom-color: #eaeaea !important;}&#8221;][vc_column css=&#8221;.vc_custom_1544542885714{margin-top: -60px !important;}&#8221;][vc_row_inner][vc_column_inner offset=&#8221;vc_hidden-lg vc_hidden-md&#8221;][vc_empty_space height=&#8221;10px&#8221;][\/vc_column_inner][\/vc_row_inner][\/vc_column][vc_column el_class=&#8221;services-first&#8221;]<header class=\"kd-section-title col-lg-12 text-center    \" ><h2 class=\"separator_off\" >Aitame oma kliente nii pangakontode avamisel kui ka pangakonto avamiseks vajalike due diligence\u2018i ja isikusamasuse kontrollimise protsessides.<\/h2><\/header>[vc_row_inner][vc_column_inner][vc_column_text]<span style=\"font-weight: 400;\">Teame, et t\u00e4nap\u00e4eval on pangakonto avamine v\u00e4ga keeruline, eriti v\u00e4lismaalasena. Oleme andnud endast parima, et luua suhteid rahvusvaheliste pankadega. See annab meie klientidele rohkem valikuv\u00f5imalusi, eriti kui neil on plaanis oma \u00e4ri tulevikus laiendada.<\/span><\/p>\n<p><span style=\"font-weight: 400;\">Kui klient on v\u00e4lismaalane, v\u00f5tavad pangad konto avamise eest tasu 200\u2013500 \u20ac. Kui esitate pangale piisava ja veenva esmase teabe, saate tavaliselt konto avada probleemideta.<\/span><\/p>\n<p><span style=\"font-weight: 400;\">Enne pangakonto avamist soovitame broneerida l\u00fchikese konsultatsiooni.<\/span><\/p>\n<p>[\/vc_column_text][\/vc_column_inner][\/vc_row_inner][\/vc_column][\/vc_row][vc_row el_class=&#8221;detail-content&#8221;][vc_column][vc_row_inner el_class=&#8221;main-list&#8221;][vc_column_inner el_class=&#8221;services-half&#8221;][vc_column_text]<\/p>\n<h3><strong>Me aitame teil avada pangakontosid ja hallata teie pangatehinguid sellistes pankades nagu:<\/strong><\/h3>\n<ul class=\"color_15 font_8\">\n<li>\n<p class=\"font_8\"><span class=\"color_15\">LHV<\/span><\/p>\n<\/li>\n<li>\n<p class=\"font_8\"><span class=\"color_15\">REVOLUT<\/span><\/p>\n<\/li>\n<li>\n<p class=\"font_8\"><span class=\"color_15\">SWEDBANK<\/span><\/p>\n<\/li>\n<li>\n<p class=\"font_8\"><span class=\"color_15\">CRYPTO.COM<\/span><\/p>\n<\/li>\n<li>\n<p class=\"font_8\"><span class=\"color_15\">WISE<\/span><\/p>\n<\/li>\n<\/ul>\n<p>[\/vc_column_text][\/vc_column_inner][\/vc_row_inner][\/vc_column][\/vc_row][vc_row full_width=&#8221;stretch_row&#8221; css=&#8221;.vc_custom_1555681184211{background-color: #f5f5f5 !important;}&#8221;][vc_column][vc_row_inner css=&#8221;.vc_custom_1536243977243{padding-top: 100px !important;}&#8221;][vc_column_inner el_class=&#8221;button-top&#8221; offset=&#8221;vc_hidden-xs&#8221;]<header class=\"kd-section-title col-lg-12 text-center  kd-animated fadeIn  \" data-animation-delay=200><h2 class=\"separator_off\" >Kas olete valmis alustama? V\u00f5tke meiega \u00fchendust!<\/h2><h6 class=\"subtitle \" >Kui soovite meie teenuste kohta rohkem teada saada, v\u00f5tke meiega \u00fchendust.<\/h6><\/header>[\/vc_column_inner][\/vc_row_inner][vc_row_inner css=&#8221;.vc_custom_1536243815259{padding-bottom: 100px !important;}&#8221;][vc_column_inner css=&#8221;.vc_custom_1536243836394{padding-right: 10px !important;}&#8221;]<a  href=\"\/contact\"  target=\"_blank\"  title=\"Contact\" class=\"tt_button tt_primary_button btn_primary_color  button-center button-action-link  kd-animated zoomIn\" data-animation-delay=200><span class=\"prim_text\">V\u00f5tke \u00fchendust<\/span><\/a>[\/vc_column_inner][\/vc_row_inner][\/vc_column][\/vc_row]<\/p>\n<\/div>","protected":false},"excerpt":{"rendered":"<p>[vc_row full_width=&#8221;stretch_row&#8221; kd_image_overlay_color=&#8221;rgba(10,10,10,0.29)&#8221; kd_fixed_background=&#8221;true&#8221; kd_image_overlay=&#8221;true&#8221; css=&#8221;.vc_custom_1637008169916{padding-top: 325px !important;padding-bottom: 30px !important;background-image: url(https:\/\/staging.trustimia.com\/wp-content\/uploads\/2021\/11\/Trustimia-1.jpg?id=8394) !important;background-position: center !important;background-repeat: no-repeat !important;background-size: cover !important;}&#8221;][vc_column css=&#8221;.vc_custom_1516115464846{padding-left: 0px [&hellip;]<\/p>\n","protected":false},"author":5,"featured_media":0,"parent":0,"menu_order":0,"comment_status":"closed","ping_status":"closed","template":"","meta":{"content-type":"","inline_featured_image":false,"footnotes":""},"class_list":["post-7979","page","type-page","status-publish","hentry"],"yoast_head":"<!-- This site is optimized with the Yoast SEO Premium plugin v25.0 (Yoast SEO v25.0) - https:\/\/yoast.com\/wordpress\/plugins\/seo\/ -->\n<title>Pangakontod ja makseteenused | Trustimia<\/title>\n<meta name=\"description\" content=\"Aitame oma kliente nii pangakontode avamisel kui ka pangakonto avamiseks vajalike due diligence\u2018i ja isikusamasuse kontrollimise protsessides.\" \/>\n<meta name=\"robots\" content=\"index, follow, max-snippet:-1, max-image-preview:large, max-video-preview:-1\" \/>\n<link rel=\"canonical\" href=\"https:\/\/staging.trustimia.com\/et\/pangakontod-ja-makseteenused\/\" \/>\n<meta property=\"og:locale\" content=\"fi_FI\" \/>\n<meta property=\"og:type\" content=\"article\" \/>\n<meta property=\"og:title\" content=\"Pangakontod ja makseteenused\" \/>\n<meta property=\"og:description\" content=\"Aitame oma kliente nii pangakontode avamisel kui ka pangakonto avamiseks vajalike due diligence\u2018i ja isikusamasuse kontrollimise protsessides.\" \/>\n<meta property=\"og:url\" content=\"https:\/\/staging.trustimia.com\/et\/pangakontod-ja-makseteenused\/\" \/>\n<meta property=\"og:site_name\" content=\"Trustimia\" \/>\n<meta property=\"article:publisher\" content=\"https:\/\/www.facebook.com\/trustimia\" \/>\n<meta property=\"article:modified_time\" content=\"2021-12-03T05:18:43+00:00\" \/>\n<meta property=\"og:image\" content=\"https:\/\/staging.trustimia.com\/wp-content\/uploads\/2021\/11\/Trustimia-1.jpg\" \/>\n\t<meta property=\"og:image:width\" content=\"1800\" \/>\n\t<meta property=\"og:image:height\" content=\"1065\" \/>\n\t<meta property=\"og:image:type\" content=\"image\/jpeg\" \/>\n<meta name=\"twitter:card\" content=\"summary_large_image\" \/>\n<meta name=\"twitter:label1\" content=\"Arvioitu lukuaika\" \/>\n\t<meta name=\"twitter:data1\" content=\"1 minuutti\" \/>\n<script type=\"application\/ld+json\" class=\"yoast-schema-graph\">{\"@context\":\"https:\/\/schema.org\",\"@graph\":[{\"@type\":\"WebPage\",\"@id\":\"https:\/\/staging.trustimia.com\/et\/pangakontod-ja-makseteenused\/\",\"url\":\"https:\/\/staging.trustimia.com\/et\/pangakontod-ja-makseteenused\/\",\"name\":\"Pangakontod ja makseteenused | Trustimia\",\"isPartOf\":{\"@id\":\"https:\/\/staging.trustimia.com\/#website\"},\"datePublished\":\"2021-11-13T08:46:51+00:00\",\"dateModified\":\"2021-12-03T05:18:43+00:00\",\"description\":\"Aitame oma kliente nii pangakontode avamisel kui ka pangakonto avamiseks vajalike due diligence\u2018i ja isikusamasuse kontrollimise protsessides.\",\"breadcrumb\":{\"@id\":\"https:\/\/staging.trustimia.com\/et\/pangakontod-ja-makseteenused\/#breadcrumb\"},\"inLanguage\":\"fi\",\"potentialAction\":[{\"@type\":\"ReadAction\",\"target\":[\"https:\/\/staging.trustimia.com\/et\/pangakontod-ja-makseteenused\/\"]}]},{\"@type\":\"BreadcrumbList\",\"@id\":\"https:\/\/staging.trustimia.com\/et\/pangakontod-ja-makseteenused\/#breadcrumb\",\"itemListElement\":[{\"@type\":\"ListItem\",\"position\":1,\"name\":\"Home\",\"item\":\"https:\/\/staging.trustimia.com\/\"},{\"@type\":\"ListItem\",\"position\":2,\"name\":\"Pangakontod ja makseteenused\"}]},{\"@type\":\"WebSite\",\"@id\":\"https:\/\/staging.trustimia.com\/#website\",\"url\":\"https:\/\/staging.trustimia.com\/\",\"name\":\"Trustimia\",\"description\":\"Yritys viroon - Yrityken perustaminen Viroon\",\"publisher\":{\"@id\":\"https:\/\/staging.trustimia.com\/#organization\"},\"potentialAction\":[{\"@type\":\"SearchAction\",\"target\":{\"@type\":\"EntryPoint\",\"urlTemplate\":\"https:\/\/staging.trustimia.com\/?s={search_term_string}\"},\"query-input\":{\"@type\":\"PropertyValueSpecification\",\"valueRequired\":true,\"valueName\":\"search_term_string\"}}],\"inLanguage\":\"fi\"},{\"@type\":\"Organization\",\"@id\":\"https:\/\/staging.trustimia.com\/#organization\",\"name\":\"Trustimia Group\",\"url\":\"https:\/\/staging.trustimia.com\/\",\"logo\":{\"@type\":\"ImageObject\",\"inLanguage\":\"fi\",\"@id\":\"https:\/\/staging.trustimia.com\/#\/schema\/logo\/image\/\",\"url\":\"https:\/\/staging.trustimia.com\/wp-content\/uploads\/2021\/11\/Trustimia-logo.svg\",\"contentUrl\":\"https:\/\/staging.trustimia.com\/wp-content\/uploads\/2021\/11\/Trustimia-logo.svg\",\"width\":400,\"height\":91,\"caption\":\"Trustimia Group\"},\"image\":{\"@id\":\"https:\/\/staging.trustimia.com\/#\/schema\/logo\/image\/\"},\"sameAs\":[\"https:\/\/www.facebook.com\/trustimia\",\"https:\/\/www.linkedin.com\/company\/trustimia\/\"]}]}<\/script>\n<!-- \/ Yoast SEO Premium plugin. -->","yoast_head_json":{"title":"Pangakontod ja makseteenused | Trustimia","description":"Aitame oma kliente nii pangakontode avamisel kui ka pangakonto avamiseks vajalike due diligence\u2018i ja isikusamasuse kontrollimise protsessides.","robots":{"index":"index","follow":"follow","max-snippet":"max-snippet:-1","max-image-preview":"max-image-preview:large","max-video-preview":"max-video-preview:-1"},"canonical":"https:\/\/staging.trustimia.com\/et\/pangakontod-ja-makseteenused\/","og_locale":"fi_FI","og_type":"article","og_title":"Pangakontod ja makseteenused","og_description":"Aitame oma kliente nii pangakontode avamisel kui ka pangakonto avamiseks vajalike due diligence\u2018i ja isikusamasuse kontrollimise protsessides.","og_url":"https:\/\/staging.trustimia.com\/et\/pangakontod-ja-makseteenused\/","og_site_name":"Trustimia","article_publisher":"https:\/\/www.facebook.com\/trustimia","article_modified_time":"2021-12-03T05:18:43+00:00","og_image":[{"width":1800,"height":1065,"url":"https:\/\/staging.trustimia.com\/wp-content\/uploads\/2021\/11\/Trustimia-1.jpg","type":"image\/jpeg"}],"twitter_card":"summary_large_image","twitter_misc":{"Arvioitu lukuaika":"1 minuutti"},"schema":{"@context":"https:\/\/schema.org","@graph":[{"@type":"WebPage","@id":"https:\/\/staging.trustimia.com\/et\/pangakontod-ja-makseteenused\/","url":"https:\/\/staging.trustimia.com\/et\/pangakontod-ja-makseteenused\/","name":"Pangakontod ja makseteenused | Trustimia","isPartOf":{"@id":"https:\/\/staging.trustimia.com\/#website"},"datePublished":"2021-11-13T08:46:51+00:00","dateModified":"2021-12-03T05:18:43+00:00","description":"Aitame oma kliente nii pangakontode avamisel kui ka pangakonto avamiseks vajalike due diligence\u2018i ja isikusamasuse kontrollimise protsessides.","breadcrumb":{"@id":"https:\/\/staging.trustimia.com\/et\/pangakontod-ja-makseteenused\/#breadcrumb"},"inLanguage":"fi","potentialAction":[{"@type":"ReadAction","target":["https:\/\/staging.trustimia.com\/et\/pangakontod-ja-makseteenused\/"]}]},{"@type":"BreadcrumbList","@id":"https:\/\/staging.trustimia.com\/et\/pangakontod-ja-makseteenused\/#breadcrumb","itemListElement":[{"@type":"ListItem","position":1,"name":"Home","item":"https:\/\/staging.trustimia.com\/"},{"@type":"ListItem","position":2,"name":"Pangakontod ja makseteenused"}]},{"@type":"WebSite","@id":"https:\/\/staging.trustimia.com\/#website","url":"https:\/\/staging.trustimia.com\/","name":"Trustimia","description":"Yritys viroon - Yrityken perustaminen Viroon","publisher":{"@id":"https:\/\/staging.trustimia.com\/#organization"},"potentialAction":[{"@type":"SearchAction","target":{"@type":"EntryPoint","urlTemplate":"https:\/\/staging.trustimia.com\/?s={search_term_string}"},"query-input":{"@type":"PropertyValueSpecification","valueRequired":true,"valueName":"search_term_string"}}],"inLanguage":"fi"},{"@type":"Organization","@id":"https:\/\/staging.trustimia.com\/#organization","name":"Trustimia Group","url":"https:\/\/staging.trustimia.com\/","logo":{"@type":"ImageObject","inLanguage":"fi","@id":"https:\/\/staging.trustimia.com\/#\/schema\/logo\/image\/","url":"https:\/\/staging.trustimia.com\/wp-content\/uploads\/2021\/11\/Trustimia-logo.svg","contentUrl":"https:\/\/staging.trustimia.com\/wp-content\/uploads\/2021\/11\/Trustimia-logo.svg","width":400,"height":91,"caption":"Trustimia Group"},"image":{"@id":"https:\/\/staging.trustimia.com\/#\/schema\/logo\/image\/"},"sameAs":["https:\/\/www.facebook.com\/trustimia","https:\/\/www.linkedin.com\/company\/trustimia\/"]}]}},"_links":{"self":[{"href":"https:\/\/staging.trustimia.com\/fi\/wp-json\/wp\/v2\/pages\/7979","targetHints":{"allow":["GET"]}}],"collection":[{"href":"https:\/\/staging.trustimia.com\/fi\/wp-json\/wp\/v2\/pages"}],"about":[{"href":"https:\/\/staging.trustimia.com\/fi\/wp-json\/wp\/v2\/types\/page"}],"author":[{"embeddable":true,"href":"https:\/\/staging.trustimia.com\/fi\/wp-json\/wp\/v2\/users\/5"}],"replies":[{"embeddable":true,"href":"https:\/\/staging.trustimia.com\/fi\/wp-json\/wp\/v2\/comments?post=7979"}],"version-history":[{"count":4,"href":"https:\/\/staging.trustimia.com\/fi\/wp-json\/wp\/v2\/pages\/7979\/revisions"}],"predecessor-version":[{"id":8624,"href":"https:\/\/staging.trustimia.com\/fi\/wp-json\/wp\/v2\/pages\/7979\/revisions\/8624"}],"wp:attachment":[{"href":"https:\/\/staging.trustimia.com\/fi\/wp-json\/wp\/v2\/media?parent=7979"}],"curies":[{"name":"wp","href":"https:\/\/api.w.org\/{rel}","templated":true}]}}