{"id":8003,"date":"2021-11-13T09:58:17","date_gmt":"2021-11-13T09:58:17","guid":{"rendered":"https:\/\/staging.trustimia.com\/premises-and-offices\/"},"modified":"2021-12-03T05:20:22","modified_gmt":"2021-12-03T05:20:22","slug":"ruumid-ja-kontorid","status":"publish","type":"page","link":"https:\/\/staging.trustimia.com\/et\/ruumid-ja-kontorid\/","title":{"rendered":"Ruumid ja kontorid"},"content":{"rendered":"<div class=\"wpb-content-wrapper\"><p>[vc_row full_width=&#8221;stretch_row&#8221; kd_image_overlay_color=&#8221;rgba(10,10,10,0.3)&#8221; kd_fixed_background=&#8221;true&#8221; kd_image_overlay=&#8221;true&#8221; css=&#8221;.vc_custom_1637009518956{padding-top: 325px !important;padding-bottom: 30px !important;background-image: url(https:\/\/staging.trustimia.com\/wp-content\/uploads\/2021\/11\/Trustimia-1.jpg?id=8395) !important;background-position: center !important;background-repeat: no-repeat !important;background-size: cover !important;}&#8221;][vc_column css=&#8221;.vc_custom_1516115464846{padding-left: 0px !important;}&#8221;][vc_row_inner][vc_column_inner width=&#8221;2\/3&#8243;][vc_custom_heading text=&#8221;Ruumid ja kontorid<br \/>\n&#8221; font_container=&#8221;tag:h2|font_size:40px|text_align:left|color:%23ffffff&#8221; use_theme_fonts=&#8221;yes&#8221; css_animation=&#8221;fadeIn&#8221; css=&#8221;.vc_custom_1637927858517{margin-top: 10px !important;margin-bottom: 30px !important;}&#8221;][\/vc_column_inner][vc_column_inner width=&#8221;1\/3&#8243; css=&#8221;.vc_custom_1556031720200{padding-top: 40px !important;}&#8221; offset=&#8221;vc_hidden-sm vc_hidden-xs&#8221;][\/vc_column_inner][\/vc_row_inner][\/vc_column][\/vc_row][vc_row css=&#8221;.vc_custom_1636824654714{border-bottom-width: 1px !important;padding-right: 0px !important;padding-bottom: 40px !important;padding-left: 0px !important;background-color: #ffffff !important;border-bottom-color: #eaeaea !important;}&#8221;][vc_column css=&#8221;.vc_custom_1544542885714{margin-top: -60px !important;}&#8221;][vc_row_inner][vc_column_inner offset=&#8221;vc_hidden-lg vc_hidden-md&#8221;][vc_empty_space height=&#8221;10px&#8221;][\/vc_column_inner][\/vc_row_inner][\/vc_column][vc_column el_class=&#8221;services-first&#8221;]<header class=\"kd-section-title col-lg-12 text-center    \" ><h2 class=\"separator_off\" >\u00c4ripinnad, b\u00fcroopinnad, maad ja krundid. Need on paljude ettev\u00f5tete edu seisukohalt \u00fched k\u00f5ige olulisemad k\u00fcsimused.<\/h2><\/header>[vc_column_text]<span style=\"font-weight: 400;\">Te ei taha, et teie ruumid v\u00f5i kontor oleks halvas asukohas v\u00f5i et maksaksite liiga k\u00f5rget ostuhinda v\u00f5i \u00fc\u00fcri. <\/span><span style=\"font-weight: 400;\">Samuti soovite, et ostu- v\u00f5i rendiprotsessis toimuks k\u00f5ik sujuvalt. Trustimia n\u00f5ustab ja abistab teid k\u00f5igis kinnisvaraga seotud k\u00fcsimustes Soomes, Eestis, L\u00e4tis v\u00f5i Leedus.<\/span><\/p>\n<p><span style=\"font-weight: 400;\">Teie k\u00e4sutuses on meie ekspertide ja partnerite suur ja mitmek\u00fclgne kogemus \u00e4ripindade ja kinnisvara vallas ning laialdane kontaktv\u00f5rgustik.<\/span>[\/vc_column_text][\/vc_column][\/vc_row][vc_row full_width=&#8221;stretch_row&#8221; css=&#8221;.vc_custom_1636825598082{background-color: #ffffff !important;}&#8221;][vc_column][vc_row_inner css=&#8221;.vc_custom_1536243977243{padding-top: 100px !important;}&#8221;][vc_column_inner el_class=&#8221;button-top&#8221; offset=&#8221;vc_hidden-xs&#8221;]<header class=\"kd-section-title col-lg-12 text-center  kd-animated fadeIn  \" data-animation-delay=200><h2 class=\"separator_off\" >Kas olete valmis alustama? V\u00f5tke meiega \u00fchendust!<\/h2><h6 class=\"subtitle \" >Kui soovite meie teenuste kohta rohkem teada saada, v\u00f5tke meiega \u00fchendust.<\/h6><\/header>[\/vc_column_inner][\/vc_row_inner][vc_row_inner css=&#8221;.vc_custom_1536243815259{padding-bottom: 100px !important;}&#8221;][vc_column_inner css=&#8221;.vc_custom_1536243836394{padding-right: 10px !important;}&#8221;]<a  href=\"\/contact\"  target=\"_blank\"  title=\"Contact\" class=\"tt_button tt_primary_button btn_primary_color  button-center button-action-link  kd-animated zoomIn\" data-animation-delay=200><span class=\"prim_text\">V\u00f5tke \u00fchendust<\/span><\/a>[\/vc_column_inner][\/vc_row_inner][\/vc_column][\/vc_row]<\/p>\n<\/div>","protected":false},"excerpt":{"rendered":"<p>[vc_row full_width=&#8221;stretch_row&#8221; kd_image_overlay_color=&#8221;rgba(10,10,10,0.3)&#8221; kd_fixed_background=&#8221;true&#8221; kd_image_overlay=&#8221;true&#8221; css=&#8221;.vc_custom_1637009518956{padding-top: 325px !important;padding-bottom: 30px !important;background-image: url(https:\/\/staging.trustimia.com\/wp-content\/uploads\/2021\/11\/Trustimia-1.jpg?id=8395) !important;background-position: center !important;background-repeat: no-repeat !important;background-size: cover !important;}&#8221;][vc_column css=&#8221;.vc_custom_1516115464846{padding-left: 0px [&hellip;]<\/p>\n","protected":false},"author":5,"featured_media":0,"parent":0,"menu_order":0,"comment_status":"closed","ping_status":"closed","template":"","meta":{"content-type":"","inline_featured_image":false,"footnotes":""},"class_list":["post-8003","page","type-page","status-publish","hentry"],"yoast_head":"<!-- This site is optimized with the Yoast SEO Premium plugin v25.0 (Yoast SEO v25.0) - https:\/\/yoast.com\/wordpress\/plugins\/seo\/ -->\n<title>Ruumid ja kontorid | Trustimia<\/title>\n<meta name=\"description\" content=\"\u00c4ripinnad, b\u00fcroopinnad, maad ja krundid. Need on paljude ettev\u00f5tete edu seisukohalt \u00fched k\u00f5ige olulisemad k\u00fcsimused.\" \/>\n<meta name=\"robots\" content=\"index, follow, max-snippet:-1, max-image-preview:large, max-video-preview:-1\" \/>\n<link rel=\"canonical\" href=\"https:\/\/staging.trustimia.com\/et\/ruumid-ja-kontorid\/\" \/>\n<meta property=\"og:locale\" content=\"et_EE\" \/>\n<meta property=\"og:type\" content=\"article\" \/>\n<meta property=\"og:title\" content=\"Ruumid ja kontorid\" \/>\n<meta property=\"og:description\" content=\"\u00c4ripinnad, b\u00fcroopinnad, maad ja krundid. Need on paljude ettev\u00f5tete edu seisukohalt \u00fched k\u00f5ige olulisemad k\u00fcsimused.\" \/>\n<meta property=\"og:url\" content=\"https:\/\/staging.trustimia.com\/et\/ruumid-ja-kontorid\/\" \/>\n<meta property=\"og:site_name\" content=\"Trustimia\" \/>\n<meta property=\"article:publisher\" content=\"https:\/\/www.facebook.com\/trustimia\" \/>\n<meta property=\"article:modified_time\" content=\"2021-12-03T05:20:22+00:00\" \/>\n<meta property=\"og:image\" content=\"https:\/\/staging.trustimia.com\/wp-content\/uploads\/2021\/11\/Trustimia-1.jpg\" \/>\n\t<meta property=\"og:image:width\" content=\"1800\" \/>\n\t<meta property=\"og:image:height\" content=\"1065\" \/>\n\t<meta property=\"og:image:type\" content=\"image\/jpeg\" \/>\n<meta name=\"twitter:card\" content=\"summary_large_image\" \/>\n<meta name=\"twitter:label1\" content=\"Est. reading time\" \/>\n\t<meta name=\"twitter:data1\" content=\"1 minut\" \/>\n<script type=\"application\/ld+json\" class=\"yoast-schema-graph\">{\"@context\":\"https:\/\/schema.org\",\"@graph\":[{\"@type\":\"WebPage\",\"@id\":\"https:\/\/staging.trustimia.com\/et\/ruumid-ja-kontorid\/\",\"url\":\"https:\/\/staging.trustimia.com\/et\/ruumid-ja-kontorid\/\",\"name\":\"Ruumid ja kontorid | Trustimia\",\"isPartOf\":{\"@id\":\"https:\/\/staging.trustimia.com\/#website\"},\"datePublished\":\"2021-11-13T09:58:17+00:00\",\"dateModified\":\"2021-12-03T05:20:22+00:00\",\"description\":\"\u00c4ripinnad, b\u00fcroopinnad, maad ja krundid. Need on paljude ettev\u00f5tete edu seisukohalt \u00fched k\u00f5ige olulisemad k\u00fcsimused.\",\"breadcrumb\":{\"@id\":\"https:\/\/staging.trustimia.com\/et\/ruumid-ja-kontorid\/#breadcrumb\"},\"inLanguage\":\"et\",\"potentialAction\":[{\"@type\":\"ReadAction\",\"target\":[\"https:\/\/staging.trustimia.com\/et\/ruumid-ja-kontorid\/\"]}]},{\"@type\":\"BreadcrumbList\",\"@id\":\"https:\/\/staging.trustimia.com\/et\/ruumid-ja-kontorid\/#breadcrumb\",\"itemListElement\":[{\"@type\":\"ListItem\",\"position\":1,\"name\":\"Home\",\"item\":\"https:\/\/staging.trustimia.com\/\"},{\"@type\":\"ListItem\",\"position\":2,\"name\":\"Ruumid ja kontorid\"}]},{\"@type\":\"WebSite\",\"@id\":\"https:\/\/staging.trustimia.com\/#website\",\"url\":\"https:\/\/staging.trustimia.com\/\",\"name\":\"Trustimia\",\"description\":\"Set up a company, accounting, business consulting\",\"publisher\":{\"@id\":\"https:\/\/staging.trustimia.com\/#organization\"},\"potentialAction\":[{\"@type\":\"SearchAction\",\"target\":{\"@type\":\"EntryPoint\",\"urlTemplate\":\"https:\/\/staging.trustimia.com\/?s={search_term_string}\"},\"query-input\":{\"@type\":\"PropertyValueSpecification\",\"valueRequired\":true,\"valueName\":\"search_term_string\"}}],\"inLanguage\":\"et\"},{\"@type\":\"Organization\",\"@id\":\"https:\/\/staging.trustimia.com\/#organization\",\"name\":\"Trustimia Group\",\"url\":\"https:\/\/staging.trustimia.com\/\",\"logo\":{\"@type\":\"ImageObject\",\"inLanguage\":\"et\",\"@id\":\"https:\/\/staging.trustimia.com\/#\/schema\/logo\/image\/\",\"url\":\"https:\/\/staging.trustimia.com\/wp-content\/uploads\/2021\/11\/Trustimia-logo.svg\",\"contentUrl\":\"https:\/\/staging.trustimia.com\/wp-content\/uploads\/2021\/11\/Trustimia-logo.svg\",\"width\":400,\"height\":91,\"caption\":\"Trustimia Group\"},\"image\":{\"@id\":\"https:\/\/staging.trustimia.com\/#\/schema\/logo\/image\/\"},\"sameAs\":[\"https:\/\/www.facebook.com\/trustimia\",\"https:\/\/www.linkedin.com\/company\/trustimia\/\"]}]}<\/script>\n<!-- \/ Yoast SEO Premium plugin. -->","yoast_head_json":{"title":"Ruumid ja kontorid | Trustimia","description":"\u00c4ripinnad, b\u00fcroopinnad, maad ja krundid. Need on paljude ettev\u00f5tete edu seisukohalt \u00fched k\u00f5ige olulisemad k\u00fcsimused.","robots":{"index":"index","follow":"follow","max-snippet":"max-snippet:-1","max-image-preview":"max-image-preview:large","max-video-preview":"max-video-preview:-1"},"canonical":"https:\/\/staging.trustimia.com\/et\/ruumid-ja-kontorid\/","og_locale":"et_EE","og_type":"article","og_title":"Ruumid ja kontorid","og_description":"\u00c4ripinnad, b\u00fcroopinnad, maad ja krundid. Need on paljude ettev\u00f5tete edu seisukohalt \u00fched k\u00f5ige olulisemad k\u00fcsimused.","og_url":"https:\/\/staging.trustimia.com\/et\/ruumid-ja-kontorid\/","og_site_name":"Trustimia","article_publisher":"https:\/\/www.facebook.com\/trustimia","article_modified_time":"2021-12-03T05:20:22+00:00","og_image":[{"width":1800,"height":1065,"url":"https:\/\/staging.trustimia.com\/wp-content\/uploads\/2021\/11\/Trustimia-1.jpg","type":"image\/jpeg"}],"twitter_card":"summary_large_image","twitter_misc":{"Est. reading time":"1 minut"},"schema":{"@context":"https:\/\/schema.org","@graph":[{"@type":"WebPage","@id":"https:\/\/staging.trustimia.com\/et\/ruumid-ja-kontorid\/","url":"https:\/\/staging.trustimia.com\/et\/ruumid-ja-kontorid\/","name":"Ruumid ja kontorid | Trustimia","isPartOf":{"@id":"https:\/\/staging.trustimia.com\/#website"},"datePublished":"2021-11-13T09:58:17+00:00","dateModified":"2021-12-03T05:20:22+00:00","description":"\u00c4ripinnad, b\u00fcroopinnad, maad ja krundid. Need on paljude ettev\u00f5tete edu seisukohalt \u00fched k\u00f5ige olulisemad k\u00fcsimused.","breadcrumb":{"@id":"https:\/\/staging.trustimia.com\/et\/ruumid-ja-kontorid\/#breadcrumb"},"inLanguage":"et","potentialAction":[{"@type":"ReadAction","target":["https:\/\/staging.trustimia.com\/et\/ruumid-ja-kontorid\/"]}]},{"@type":"BreadcrumbList","@id":"https:\/\/staging.trustimia.com\/et\/ruumid-ja-kontorid\/#breadcrumb","itemListElement":[{"@type":"ListItem","position":1,"name":"Home","item":"https:\/\/staging.trustimia.com\/"},{"@type":"ListItem","position":2,"name":"Ruumid ja kontorid"}]},{"@type":"WebSite","@id":"https:\/\/staging.trustimia.com\/#website","url":"https:\/\/staging.trustimia.com\/","name":"Trustimia","description":"Set up a company, accounting, business consulting","publisher":{"@id":"https:\/\/staging.trustimia.com\/#organization"},"potentialAction":[{"@type":"SearchAction","target":{"@type":"EntryPoint","urlTemplate":"https:\/\/staging.trustimia.com\/?s={search_term_string}"},"query-input":{"@type":"PropertyValueSpecification","valueRequired":true,"valueName":"search_term_string"}}],"inLanguage":"et"},{"@type":"Organization","@id":"https:\/\/staging.trustimia.com\/#organization","name":"Trustimia Group","url":"https:\/\/staging.trustimia.com\/","logo":{"@type":"ImageObject","inLanguage":"et","@id":"https:\/\/staging.trustimia.com\/#\/schema\/logo\/image\/","url":"https:\/\/staging.trustimia.com\/wp-content\/uploads\/2021\/11\/Trustimia-logo.svg","contentUrl":"https:\/\/staging.trustimia.com\/wp-content\/uploads\/2021\/11\/Trustimia-logo.svg","width":400,"height":91,"caption":"Trustimia Group"},"image":{"@id":"https:\/\/staging.trustimia.com\/#\/schema\/logo\/image\/"},"sameAs":["https:\/\/www.facebook.com\/trustimia","https:\/\/www.linkedin.com\/company\/trustimia\/"]}]}},"_links":{"self":[{"href":"https:\/\/staging.trustimia.com\/et\/wp-json\/wp\/v2\/pages\/8003","targetHints":{"allow":["GET"]}}],"collection":[{"href":"https:\/\/staging.trustimia.com\/et\/wp-json\/wp\/v2\/pages"}],"about":[{"href":"https:\/\/staging.trustimia.com\/et\/wp-json\/wp\/v2\/types\/page"}],"author":[{"embeddable":true,"href":"https:\/\/staging.trustimia.com\/et\/wp-json\/wp\/v2\/users\/5"}],"replies":[{"embeddable":true,"href":"https:\/\/staging.trustimia.com\/et\/wp-json\/wp\/v2\/comments?post=8003"}],"version-history":[{"count":4,"href":"https:\/\/staging.trustimia.com\/et\/wp-json\/wp\/v2\/pages\/8003\/revisions"}],"predecessor-version":[{"id":8632,"href":"https:\/\/staging.trustimia.com\/et\/wp-json\/wp\/v2\/pages\/8003\/revisions\/8632"}],"wp:attachment":[{"href":"https:\/\/staging.trustimia.com\/et\/wp-json\/wp\/v2\/media?parent=8003"}],"curies":[{"name":"wp","href":"https:\/\/api.w.org\/{rel}","templated":true}]}}